{"id":472,"date":"2024-06-18T15:53:41","date_gmt":"2024-06-18T15:53:41","guid":{"rendered":"https:\/\/rlthelocalplanner.rkinformatika.online\/?page_id=472"},"modified":"2026-03-18T13:50:03","modified_gmt":"2026-03-18T13:50:03","slug":"otros-servicios","status":"publish","type":"page","link":"https:\/\/rlthelocalplanner.com\/de\/otros-servicios\/","title":{"rendered":"ANDERE DIENSTLEISTUNGEN"},"content":{"rendered":"<div data-elementor-type=\"wp-page\" data-elementor-id=\"472\" class=\"elementor elementor-472\" data-elementor-post-type=\"page\">\n\t\t\t\t<div class=\"elementor-element elementor-element-fd6a892 e-flex e-con-boxed elementor-invisible e-con e-parent\" data-id=\"fd6a892\" data-element_type=\"container\" data-e-type=\"container\" data-settings=\"{&quot;background_background&quot;:&quot;classic&quot;,&quot;animation&quot;:&quot;fadeIn&quot;}\">\n\t\t\t\t\t<div class=\"e-con-inner\">\n\t\t\t\t<div class=\"elementor-element elementor-element-8edb671 elementor-widget__width-initial elementor-invisible elementor-widget elementor-widget-heading\" data-id=\"8edb671\" data-element_type=\"widget\" data-e-type=\"widget\" data-settings=\"{&quot;_animation&quot;:&quot;fadeInUp&quot;}\" data-widget_type=\"heading.default\">\n\t\t\t\t<div class=\"elementor-widget-container\">\n\t\t\t\t\t<h1 class=\"elementor-heading-title elementor-size-default\">ANDERE DIENSTLEISTUNGEN<\/h1>\t\t\t\t<\/div>\n\t\t\t\t<\/div>\n\t\t\t\t\t<\/div>\n\t\t\t\t<\/div>\n\t\t<div class=\"elementor-element elementor-element-3a30d43 e-flex e-con-boxed e-con e-parent\" data-id=\"3a30d43\" data-element_type=\"container\" data-e-type=\"container\">\n\t\t\t\t\t<div class=\"e-con-inner\">\n\t\t<div class=\"elementor-element elementor-element-b40c1c8 e-con-full e-flex e-con e-child\" data-id=\"b40c1c8\" data-element_type=\"container\" data-e-type=\"container\">\n\t\t\t\t<div class=\"elementor-element elementor-element-2f50035 elementor-widget__width-initial elementor-invisible elementor-widget elementor-widget-image\" data-id=\"2f50035\" data-element_type=\"widget\" data-e-type=\"widget\" data-settings=\"{&quot;_animation&quot;:&quot;fadeIn&quot;}\" data-widget_type=\"image.default\">\n\t\t\t\t<div class=\"elementor-widget-container\">\n\t\t\t\t\t\t\t\t\t\t\t\t\t\t\t<img decoding=\"async\" width=\"300\" height=\"79\" src=\"https:\/\/rlthelocalplanner.com\/wp-content\/uploads\/2024\/07\/Diseno-sin-titulo1-e1722263333547-300x79.png\" class=\"attachment-medium size-medium wp-image-1606\" alt=\"\" srcset=\"https:\/\/rlthelocalplanner.com\/wp-content\/uploads\/2024\/07\/Diseno-sin-titulo1-e1722263333547-300x79.png 300w, https:\/\/rlthelocalplanner.com\/wp-content\/uploads\/2024\/07\/Diseno-sin-titulo1-e1722263333547-18x5.png 18w, https:\/\/rlthelocalplanner.com\/wp-content\/uploads\/2024\/07\/Diseno-sin-titulo1-e1722263333547.png 500w\" sizes=\"(max-width: 300px) 100vw, 300px\" \/>\t\t\t\t\t\t\t\t\t\t\t\t\t\t\t<\/div>\n\t\t\t\t<\/div>\n\t\t\t\t<\/div>\n\t\t<div class=\"elementor-element elementor-element-9708e91 e-con-full e-flex e-con e-child\" data-id=\"9708e91\" data-element_type=\"container\" data-e-type=\"container\">\n\t\t\t\t<div class=\"elementor-element elementor-element-63dd5f9 elementor-widget elementor-widget-text-editor\" data-id=\"63dd5f9\" data-element_type=\"widget\" data-e-type=\"widget\" data-widget_type=\"text-editor.default\">\n\t\t\t\t<div class=\"elementor-widget-container\">\n\t\t\t\t\t\t\t\t\t<h3><strong>Tour para estudiantes internacionales<\/strong><\/h3><p>Visitas guiadas dise\u00f1adas para estudiantes internacionales que llegan a la ciudad por motivos culturales o para realizar pr\u00e1cticas en empresas. Una forma cercana y din\u00e1mica de descubrir Bilbao, entender su cultura y sentirse parte de la vida local desde el primer d\u00eda.<\/p><p>Trabajo con grupos de diferentes pa\u00edses (Alemania, Austria, Polonia, Portugal, Italia, Francia\u2026), adaptando cada recorrido a sus intereses y perfil acad\u00e9mico o profesional.<\/p><div><div>&#8211; Introducci\u00f3n a la cultura y vida en Bilbao<\/div><div>&#8211; Visitas guiadas amenas, participativas y f\u00e1ciles de seguir<\/div><div>&#8211; Organizaci\u00f3n flexible y adaptada a cada centro<\/div><div>\u00a0<\/div><div>Una experiencia pensada para que el alumnado <strong data-start=\"975\" data-end=\"1048\">conozca la ciudad, se integre mejor y aproveche al m\u00e1ximo su estancia<\/strong>, tanto dentro como fuera de su entorno acad\u00e9mico o profesional.<\/div><div>\u00a0<\/div><div>Un recorrido dise\u00f1ado para que todos se sientan parte de la ciudad.<\/div><div>\u00a0<\/div><div>\u00a0<\/div><\/div>\t\t\t\t\t\t\t\t<\/div>\n\t\t\t\t<\/div>\n\t\t\t\t<\/div>\n\t\t\t\t\t<\/div>\n\t\t\t\t<\/div>\n\t\t<div class=\"elementor-element elementor-element-f7fb158 e-flex e-con-boxed e-con e-parent\" data-id=\"f7fb158\" data-element_type=\"container\" data-e-type=\"container\">\n\t\t\t\t\t<div class=\"e-con-inner\">\n\t\t\t\t<div class=\"elementor-element elementor-element-0e86e68 elementor-widget elementor-widget-image\" data-id=\"0e86e68\" data-element_type=\"widget\" data-e-type=\"widget\" data-widget_type=\"image.default\">\n\t\t\t\t<div class=\"elementor-widget-container\">\n\t\t\t\t\t\t\t\t\t\t\t\t\t\t\t<img fetchpriority=\"high\" decoding=\"async\" width=\"800\" height=\"753\" src=\"https:\/\/rlthelocalplanner.com\/wp-content\/uploads\/2026\/03\/Screenshot_20260306-211426_WhatsApp-1.jpg\" class=\"attachment-large size-large wp-image-2889\" alt=\"\" srcset=\"https:\/\/rlthelocalplanner.com\/wp-content\/uploads\/2026\/03\/Screenshot_20260306-211426_WhatsApp-1.jpg 821w, https:\/\/rlthelocalplanner.com\/wp-content\/uploads\/2026\/03\/Screenshot_20260306-211426_WhatsApp-1-300x282.jpg 300w, https:\/\/rlthelocalplanner.com\/wp-content\/uploads\/2026\/03\/Screenshot_20260306-211426_WhatsApp-1-768x723.jpg 768w, https:\/\/rlthelocalplanner.com\/wp-content\/uploads\/2026\/03\/Screenshot_20260306-211426_WhatsApp-1-13x12.jpg 13w\" sizes=\"(max-width: 800px) 100vw, 800px\" \/>\t\t\t\t\t\t\t\t\t\t\t\t\t\t\t<\/div>\n\t\t\t\t<\/div>\n\t\t\t\t\t<\/div>\n\t\t\t\t<\/div>\n\t\t<div class=\"elementor-element elementor-element-ba28c6b e-flex e-con-boxed e-con e-parent\" data-id=\"ba28c6b\" data-element_type=\"container\" data-e-type=\"container\">\n\t\t\t\t\t<div class=\"e-con-inner\">\n\t\t<div class=\"elementor-element elementor-element-3981506 e-con-full e-flex e-con e-child\" data-id=\"3981506\" data-element_type=\"container\" data-e-type=\"container\">\n\t\t\t\t<div class=\"elementor-element elementor-element-68e5fa5 elementor-invisible elementor-widget elementor-widget-image\" data-id=\"68e5fa5\" data-element_type=\"widget\" data-e-type=\"widget\" data-settings=\"{&quot;_animation&quot;:&quot;fadeIn&quot;}\" data-widget_type=\"image.default\">\n\t\t\t\t<div class=\"elementor-widget-container\">\n\t\t\t\t\t\t\t\t\t\t\t\t\t\t\t<img decoding=\"async\" width=\"800\" height=\"600\" src=\"https:\/\/rlthelocalplanner.com\/wp-content\/uploads\/2026\/03\/IMG-20260301-WA0008-1024x768.jpg\" class=\"attachment-large size-large wp-image-2897\" alt=\"\" srcset=\"https:\/\/rlthelocalplanner.com\/wp-content\/uploads\/2026\/03\/IMG-20260301-WA0008-1024x768.jpg 1024w, https:\/\/rlthelocalplanner.com\/wp-content\/uploads\/2026\/03\/IMG-20260301-WA0008-300x225.jpg 300w, https:\/\/rlthelocalplanner.com\/wp-content\/uploads\/2026\/03\/IMG-20260301-WA0008-768x576.jpg 768w, https:\/\/rlthelocalplanner.com\/wp-content\/uploads\/2026\/03\/IMG-20260301-WA0008-1536x1152.jpg 1536w, https:\/\/rlthelocalplanner.com\/wp-content\/uploads\/2026\/03\/IMG-20260301-WA0008-16x12.jpg 16w, https:\/\/rlthelocalplanner.com\/wp-content\/uploads\/2026\/03\/IMG-20260301-WA0008.jpg 2000w\" sizes=\"(max-width: 800px) 100vw, 800px\" \/>\t\t\t\t\t\t\t\t\t\t\t\t\t\t\t<\/div>\n\t\t\t\t<\/div>\n\t\t\t\t<div class=\"elementor-element elementor-element-f3e21ed elementor-invisible elementor-widget elementor-widget-image\" data-id=\"f3e21ed\" data-element_type=\"widget\" data-e-type=\"widget\" data-settings=\"{&quot;_animation&quot;:&quot;fadeIn&quot;}\" data-widget_type=\"image.default\">\n\t\t\t\t<div class=\"elementor-widget-container\">\n\t\t\t\t\t\t\t\t\t\t\t\t\t\t\t<img loading=\"lazy\" decoding=\"async\" width=\"800\" height=\"450\" src=\"https:\/\/rlthelocalplanner.com\/wp-content\/uploads\/2026\/02\/20250701_173746-1024x576.jpg\" class=\"attachment-large size-large wp-image-2784\" alt=\"\" srcset=\"https:\/\/rlthelocalplanner.com\/wp-content\/uploads\/2026\/02\/20250701_173746-1024x576.jpg 1024w, https:\/\/rlthelocalplanner.com\/wp-content\/uploads\/2026\/02\/20250701_173746-300x169.jpg 300w, https:\/\/rlthelocalplanner.com\/wp-content\/uploads\/2026\/02\/20250701_173746-768x432.jpg 768w, https:\/\/rlthelocalplanner.com\/wp-content\/uploads\/2026\/02\/20250701_173746-1536x864.jpg 1536w, https:\/\/rlthelocalplanner.com\/wp-content\/uploads\/2026\/02\/20250701_173746-2048x1152.jpg 2048w, https:\/\/rlthelocalplanner.com\/wp-content\/uploads\/2026\/02\/20250701_173746-18x10.jpg 18w\" sizes=\"(max-width: 800px) 100vw, 800px\" \/>\t\t\t\t\t\t\t\t\t\t\t\t\t\t\t<\/div>\n\t\t\t\t<\/div>\n\t\t\t\t<\/div>\n\t\t\t\t<div class=\"elementor-element elementor-element-7de1d96 elementor-widget__width-initial elementor-widget elementor-widget-text-editor\" data-id=\"7de1d96\" data-element_type=\"widget\" data-e-type=\"widget\" data-widget_type=\"text-editor.default\">\n\t\t\t\t<div class=\"elementor-widget-container\">\n\t\t\t\t\t\t\t\t\t<h3><strong>Explorando Bilbao con estudiantes internacionales<\/strong><\/h3><div>Grupo de estudiantes de Portugal durante nuestra visita guiada por Bilbao.<\/div><div>No se ve en la foto, pero nos acompa\u00f1\u00f3 mucha lluvia. \u00a1Y a\u00fan as\u00ed fue una experiencia fant\u00e1stica!<\/div><div>\u00a0<\/div><div>La segunda imagen del grupo de estudiantes de Portugal e Italia. Una visita de 2 horas por el Casco Viejo de Bilbao. Empezando por el Paseo del Arenal, un lugar lleno de historia por su pasado industrial y proximidad a la r\u00eda de Bilbao. Tambi\u00e9n pudimos visitar la Biblioteca de Bidebarrieta y su maravilloso sal\u00f3n de lectura, as\u00ed como el Mercado de la Ribera, donde los alumnos pudieron apreciar los puestos de productos t\u00edpicos de la zona.\u00a0<\/div><div>\u00a0<\/div><div>\u00a0<\/div>\t\t\t\t\t\t\t\t<\/div>\n\t\t\t\t<\/div>\n\t\t\t\t\t<\/div>\n\t\t\t\t<\/div>\n\t\t<div class=\"elementor-element elementor-element-ff64314 e-flex e-con-boxed e-con e-parent\" data-id=\"ff64314\" data-element_type=\"container\" data-e-type=\"container\">\n\t\t\t\t\t<div class=\"e-con-inner\">\n\t\t\t\t\t<\/div>\n\t\t\t\t<\/div>\n\t\t\t\t<\/div>","protected":false},"excerpt":{"rendered":"<p>OTROS SERVICIOS Tour para estudiantes internacionales Visitas guiadas dise\u00f1adas para estudiantes internacionales que llegan a la ciudad por motivos culturales o para realizar pr\u00e1cticas en empresas. Una forma cercana y din\u00e1mica de descubrir Bilbao, entender su cultura y sentirse parte de la vida local desde el primer d\u00eda. Trabajo con grupos de diferentes pa\u00edses (Alemania, [&hellip;]<\/p>\n","protected":false},"author":1,"featured_media":0,"parent":0,"menu_order":0,"comment_status":"closed","ping_status":"closed","template":"elementor_canvas","meta":{"footnotes":""},"class_list":["post-472","page","type-page","status-publish","hentry"],"yoast_head":"<!-- This site is optimized with the Yoast SEO plugin v27.4 - https:\/\/yoast.com\/product\/yoast-seo-wordpress\/ -->\n<title>OTROS SERVICIOS - RL The Local Planner<\/title>\n<meta name=\"robots\" content=\"index, follow, max-snippet:-1, max-image-preview:large, max-video-preview:-1\" \/>\n<link rel=\"canonical\" href=\"https:\/\/rlthelocalplanner.com\/de\/otros-servicios\/\" \/>\n<meta property=\"og:locale\" content=\"de_DE\" \/>\n<meta property=\"og:type\" content=\"article\" \/>\n<meta property=\"og:title\" content=\"OTROS SERVICIOS - RL The Local Planner\" \/>\n<meta property=\"og:description\" content=\"OTROS SERVICIOS Tour para estudiantes internacionales Visitas guiadas dise\u00f1adas para estudiantes internacionales que llegan a la ciudad por motivos culturales o para realizar pr\u00e1cticas en empresas. Una forma cercana y din\u00e1mica de descubrir Bilbao, entender su cultura y sentirse parte de la vida local desde el primer d\u00eda. Trabajo con grupos de diferentes pa\u00edses (Alemania, [&hellip;]\" \/>\n<meta property=\"og:url\" content=\"https:\/\/rlthelocalplanner.com\/de\/otros-servicios\/\" \/>\n<meta property=\"og:site_name\" content=\"RL The Local Planner\" \/>\n<meta property=\"article:modified_time\" content=\"2026-03-18T13:50:03+00:00\" \/>\n<meta property=\"og:image\" content=\"https:\/\/rlthelocalplanner.com\/wp-content\/uploads\/2024\/07\/Diseno-sin-titulo1-e1722263333547.png\" \/>\n\t<meta property=\"og:image:width\" content=\"500\" \/>\n\t<meta property=\"og:image:height\" content=\"131\" \/>\n\t<meta property=\"og:image:type\" content=\"image\/png\" \/>\n<meta name=\"twitter:card\" content=\"summary_large_image\" \/>\n<meta name=\"twitter:label1\" content=\"Gesch\u00e4tzte Lesezeit\" \/>\n\t<meta name=\"twitter:data1\" content=\"2\u00a0Minuten\" \/>\n<script type=\"application\/ld+json\" class=\"yoast-schema-graph\">{\"@context\":\"https:\\\/\\\/schema.org\",\"@graph\":[{\"@type\":\"WebPage\",\"@id\":\"https:\\\/\\\/rlthelocalplanner.com\\\/otros-servicios\\\/\",\"url\":\"https:\\\/\\\/rlthelocalplanner.com\\\/otros-servicios\\\/\",\"name\":\"OTROS SERVICIOS - RL The Local Planner\",\"isPartOf\":{\"@id\":\"https:\\\/\\\/rlthelocalplanner.com\\\/#website\"},\"primaryImageOfPage\":{\"@id\":\"https:\\\/\\\/rlthelocalplanner.com\\\/otros-servicios\\\/#primaryimage\"},\"image\":{\"@id\":\"https:\\\/\\\/rlthelocalplanner.com\\\/otros-servicios\\\/#primaryimage\"},\"thumbnailUrl\":\"https:\\\/\\\/rlthelocalplanner.com\\\/wp-content\\\/uploads\\\/2024\\\/07\\\/Diseno-sin-titulo1-e1722263333547-300x79.png\",\"datePublished\":\"2024-06-18T15:53:41+00:00\",\"dateModified\":\"2026-03-18T13:50:03+00:00\",\"breadcrumb\":{\"@id\":\"https:\\\/\\\/rlthelocalplanner.com\\\/otros-servicios\\\/#breadcrumb\"},\"inLanguage\":\"de\",\"potentialAction\":[{\"@type\":\"ReadAction\",\"target\":[\"https:\\\/\\\/rlthelocalplanner.com\\\/otros-servicios\\\/\"]}]},{\"@type\":\"ImageObject\",\"inLanguage\":\"de\",\"@id\":\"https:\\\/\\\/rlthelocalplanner.com\\\/otros-servicios\\\/#primaryimage\",\"url\":\"https:\\\/\\\/rlthelocalplanner.com\\\/wp-content\\\/uploads\\\/2024\\\/07\\\/Diseno-sin-titulo1-e1722263333547-300x79.png\",\"contentUrl\":\"https:\\\/\\\/rlthelocalplanner.com\\\/wp-content\\\/uploads\\\/2024\\\/07\\\/Diseno-sin-titulo1-e1722263333547-300x79.png\"},{\"@type\":\"BreadcrumbList\",\"@id\":\"https:\\\/\\\/rlthelocalplanner.com\\\/otros-servicios\\\/#breadcrumb\",\"itemListElement\":[{\"@type\":\"ListItem\",\"position\":1,\"name\":\"Portada\",\"item\":\"https:\\\/\\\/rlthelocalplanner.com\\\/\"},{\"@type\":\"ListItem\",\"position\":2,\"name\":\"OTROS SERVICIOS\"}]},{\"@type\":\"WebSite\",\"@id\":\"https:\\\/\\\/rlthelocalplanner.com\\\/#website\",\"url\":\"https:\\\/\\\/rlthelocalplanner.com\\\/\",\"name\":\"RL The Local Planner\",\"description\":\"Rutas con un\\\/a gu\u00eda local. Visitas guiadas  por los diferentes lugares m\u00e1s emblem\u00e1ticos de Bilbao y\\\/o sus alrededores. Dentro de las zonas a visitar est\u00e1n: Casco Viejo de Bilbao, la parte moderna de Bilbao o Bilbao_ Industrial,  Bilbao la Vieja y otras regiones de Bizkaia como: Getxo, Munguia, Sestao, Portugalete.\",\"publisher\":{\"@id\":\"https:\\\/\\\/rlthelocalplanner.com\\\/#organization\"},\"potentialAction\":[{\"@type\":\"SearchAction\",\"target\":{\"@type\":\"EntryPoint\",\"urlTemplate\":\"https:\\\/\\\/rlthelocalplanner.com\\\/?s={search_term_string}\"},\"query-input\":{\"@type\":\"PropertyValueSpecification\",\"valueRequired\":true,\"valueName\":\"search_term_string\"}}],\"inLanguage\":\"de\"},{\"@type\":\"Organization\",\"@id\":\"https:\\\/\\\/rlthelocalplanner.com\\\/#organization\",\"name\":\"RL The Local Planner\",\"url\":\"https:\\\/\\\/rlthelocalplanner.com\\\/\",\"logo\":{\"@type\":\"ImageObject\",\"inLanguage\":\"de\",\"@id\":\"https:\\\/\\\/rlthelocalplanner.com\\\/#\\\/schema\\\/logo\\\/image\\\/\",\"url\":\"https:\\\/\\\/rlthelocalplanner.com\\\/wp-content\\\/uploads\\\/2024\\\/06\\\/cropped-The-Local-Planner_Mesa-de-trabajo-1-1.png\",\"contentUrl\":\"https:\\\/\\\/rlthelocalplanner.com\\\/wp-content\\\/uploads\\\/2024\\\/06\\\/cropped-The-Local-Planner_Mesa-de-trabajo-1-1.png\",\"width\":900,\"height\":1080,\"caption\":\"RL The Local Planner\"},\"image\":{\"@id\":\"https:\\\/\\\/rlthelocalplanner.com\\\/#\\\/schema\\\/logo\\\/image\\\/\"}}]}<\/script>\n<!-- \/ Yoast SEO plugin. -->","yoast_head_json":{"title":"OTROS SERVICIOS - RL The Local Planner","robots":{"index":"index","follow":"follow","max-snippet":"max-snippet:-1","max-image-preview":"max-image-preview:large","max-video-preview":"max-video-preview:-1"},"canonical":"https:\/\/rlthelocalplanner.com\/de\/otros-servicios\/","og_locale":"de_DE","og_type":"article","og_title":"OTROS SERVICIOS - RL The Local Planner","og_description":"OTROS SERVICIOS Tour para estudiantes internacionales Visitas guiadas dise\u00f1adas para estudiantes internacionales que llegan a la ciudad por motivos culturales o para realizar pr\u00e1cticas en empresas. Una forma cercana y din\u00e1mica de descubrir Bilbao, entender su cultura y sentirse parte de la vida local desde el primer d\u00eda. Trabajo con grupos de diferentes pa\u00edses (Alemania, [&hellip;]","og_url":"https:\/\/rlthelocalplanner.com\/de\/otros-servicios\/","og_site_name":"RL The Local Planner","article_modified_time":"2026-03-18T13:50:03+00:00","og_image":[{"width":500,"height":131,"url":"https:\/\/rlthelocalplanner.com\/wp-content\/uploads\/2024\/07\/Diseno-sin-titulo1-e1722263333547.png","type":"image\/png"}],"twitter_card":"summary_large_image","twitter_misc":{"Gesch\u00e4tzte Lesezeit":"2\u00a0Minuten"},"schema":{"@context":"https:\/\/schema.org","@graph":[{"@type":"WebPage","@id":"https:\/\/rlthelocalplanner.com\/otros-servicios\/","url":"https:\/\/rlthelocalplanner.com\/otros-servicios\/","name":"OTROS SERVICIOS - RL The Local Planner","isPartOf":{"@id":"https:\/\/rlthelocalplanner.com\/#website"},"primaryImageOfPage":{"@id":"https:\/\/rlthelocalplanner.com\/otros-servicios\/#primaryimage"},"image":{"@id":"https:\/\/rlthelocalplanner.com\/otros-servicios\/#primaryimage"},"thumbnailUrl":"https:\/\/rlthelocalplanner.com\/wp-content\/uploads\/2024\/07\/Diseno-sin-titulo1-e1722263333547-300x79.png","datePublished":"2024-06-18T15:53:41+00:00","dateModified":"2026-03-18T13:50:03+00:00","breadcrumb":{"@id":"https:\/\/rlthelocalplanner.com\/otros-servicios\/#breadcrumb"},"inLanguage":"de","potentialAction":[{"@type":"ReadAction","target":["https:\/\/rlthelocalplanner.com\/otros-servicios\/"]}]},{"@type":"ImageObject","inLanguage":"de","@id":"https:\/\/rlthelocalplanner.com\/otros-servicios\/#primaryimage","url":"https:\/\/rlthelocalplanner.com\/wp-content\/uploads\/2024\/07\/Diseno-sin-titulo1-e1722263333547-300x79.png","contentUrl":"https:\/\/rlthelocalplanner.com\/wp-content\/uploads\/2024\/07\/Diseno-sin-titulo1-e1722263333547-300x79.png"},{"@type":"BreadcrumbList","@id":"https:\/\/rlthelocalplanner.com\/otros-servicios\/#breadcrumb","itemListElement":[{"@type":"ListItem","position":1,"name":"Portada","item":"https:\/\/rlthelocalplanner.com\/"},{"@type":"ListItem","position":2,"name":"OTROS SERVICIOS"}]},{"@type":"WebSite","@id":"https:\/\/rlthelocalplanner.com\/#website","url":"https:\/\/rlthelocalplanner.com\/","name":"RL The Local Planner","description":"Rutas con un\/a gu\u00eda local. Visitas guiadas  por los diferentes lugares m\u00e1s emblem\u00e1ticos de Bilbao y\/o sus alrededores. Dentro de las zonas a visitar est\u00e1n: Casco Viejo de Bilbao, la parte moderna de Bilbao o Bilbao_ Industrial,  Bilbao la Vieja y otras regiones de Bizkaia como: Getxo, Munguia, Sestao, Portugalete.","publisher":{"@id":"https:\/\/rlthelocalplanner.com\/#organization"},"potentialAction":[{"@type":"SearchAction","target":{"@type":"EntryPoint","urlTemplate":"https:\/\/rlthelocalplanner.com\/?s={search_term_string}"},"query-input":{"@type":"PropertyValueSpecification","valueRequired":true,"valueName":"search_term_string"}}],"inLanguage":"de"},{"@type":"Organization","@id":"https:\/\/rlthelocalplanner.com\/#organization","name":"RL The Local Planner","url":"https:\/\/rlthelocalplanner.com\/","logo":{"@type":"ImageObject","inLanguage":"de","@id":"https:\/\/rlthelocalplanner.com\/#\/schema\/logo\/image\/","url":"https:\/\/rlthelocalplanner.com\/wp-content\/uploads\/2024\/06\/cropped-The-Local-Planner_Mesa-de-trabajo-1-1.png","contentUrl":"https:\/\/rlthelocalplanner.com\/wp-content\/uploads\/2024\/06\/cropped-The-Local-Planner_Mesa-de-trabajo-1-1.png","width":900,"height":1080,"caption":"RL The Local Planner"},"image":{"@id":"https:\/\/rlthelocalplanner.com\/#\/schema\/logo\/image\/"}}]}},"_links":{"self":[{"href":"https:\/\/rlthelocalplanner.com\/de\/wp-json\/wp\/v2\/pages\/472","targetHints":{"allow":["GET"]}}],"collection":[{"href":"https:\/\/rlthelocalplanner.com\/de\/wp-json\/wp\/v2\/pages"}],"about":[{"href":"https:\/\/rlthelocalplanner.com\/de\/wp-json\/wp\/v2\/types\/page"}],"author":[{"embeddable":true,"href":"https:\/\/rlthelocalplanner.com\/de\/wp-json\/wp\/v2\/users\/1"}],"replies":[{"embeddable":true,"href":"https:\/\/rlthelocalplanner.com\/de\/wp-json\/wp\/v2\/comments?post=472"}],"version-history":[{"count":244,"href":"https:\/\/rlthelocalplanner.com\/de\/wp-json\/wp\/v2\/pages\/472\/revisions"}],"predecessor-version":[{"id":2989,"href":"https:\/\/rlthelocalplanner.com\/de\/wp-json\/wp\/v2\/pages\/472\/revisions\/2989"}],"wp:attachment":[{"href":"https:\/\/rlthelocalplanner.com\/de\/wp-json\/wp\/v2\/media?parent=472"}],"curies":[{"name":"wp","href":"https:\/\/api.w.org\/{rel}","templated":true}]}}