{"id":7,"date":"2024-06-17T14:50:31","date_gmt":"2024-06-17T14:50:31","guid":{"rendered":"https:\/\/rlthelocalplanner.rkinformatika.online\/?page_id=7"},"modified":"2026-03-06T21:36:12","modified_gmt":"2026-03-06T21:36:12","slug":"sobre-nosotros","status":"publish","type":"page","link":"https:\/\/rlthelocalplanner.com\/de\/sobre-nosotros\/","title":{"rendered":"\u00dcBER UNS"},"content":{"rendered":"<div data-elementor-type=\"wp-page\" data-elementor-id=\"7\" class=\"elementor elementor-7\" data-elementor-post-type=\"page\">\n\t\t\t\t<div class=\"elementor-element elementor-element-40fe88d e-flex e-con-boxed elementor-invisible e-con e-parent\" data-id=\"40fe88d\" data-element_type=\"container\" data-e-type=\"container\" data-settings=\"{&quot;background_background&quot;:&quot;classic&quot;,&quot;animation&quot;:&quot;fadeIn&quot;}\">\n\t\t\t\t\t<div class=\"e-con-inner\">\n\t\t\t\t<div class=\"elementor-element elementor-element-ec31073 elementor-widget__width-initial elementor-invisible elementor-widget elementor-widget-heading\" data-id=\"ec31073\" data-element_type=\"widget\" data-e-type=\"widget\" data-settings=\"{&quot;_animation&quot;:&quot;fadeInUp&quot;}\" data-widget_type=\"heading.default\">\n\t\t\t\t<div class=\"elementor-widget-container\">\n\t\t\t\t\t<h1 class=\"elementor-heading-title elementor-size-default\">Erfahren Sie mehr \u00fcber mich<\/h1>\t\t\t\t<\/div>\n\t\t\t\t<\/div>\n\t\t\t\t\t<\/div>\n\t\t\t\t<\/div>\n\t\t<div class=\"elementor-element elementor-element-04bfcb4 e-flex e-con-boxed e-con e-parent\" data-id=\"04bfcb4\" data-element_type=\"container\" data-e-type=\"container\">\n\t\t\t\t\t<div class=\"e-con-inner\">\n\t\t<div class=\"elementor-element elementor-element-61ccec8 e-con-full e-flex e-con e-child\" data-id=\"61ccec8\" data-element_type=\"container\" data-e-type=\"container\">\n\t\t\t\t<\/div>\n\t\t\t\t<div class=\"elementor-element elementor-element-1910cdd elementor-widget__width-initial elementor-widget elementor-widget-image\" data-id=\"1910cdd\" data-element_type=\"widget\" data-e-type=\"widget\" data-widget_type=\"image.default\">\n\t\t\t\t<div class=\"elementor-widget-container\">\n\t\t\t\t\t\t\t\t\t\t\t\t\t\t\t<img fetchpriority=\"high\" decoding=\"async\" width=\"1200\" height=\"1600\" src=\"https:\/\/rlthelocalplanner.com\/wp-content\/uploads\/2024\/07\/WhatsApp-Image-2024-07-01-at-10.10.06-1.jpeg\" class=\"attachment-full size-full wp-image-995\" alt=\"\" srcset=\"https:\/\/rlthelocalplanner.com\/wp-content\/uploads\/2024\/07\/WhatsApp-Image-2024-07-01-at-10.10.06-1.jpeg 1200w, https:\/\/rlthelocalplanner.com\/wp-content\/uploads\/2024\/07\/WhatsApp-Image-2024-07-01-at-10.10.06-1-225x300.jpeg 225w, https:\/\/rlthelocalplanner.com\/wp-content\/uploads\/2024\/07\/WhatsApp-Image-2024-07-01-at-10.10.06-1-768x1024.jpeg 768w, https:\/\/rlthelocalplanner.com\/wp-content\/uploads\/2024\/07\/WhatsApp-Image-2024-07-01-at-10.10.06-1-1152x1536.jpeg 1152w, https:\/\/rlthelocalplanner.com\/wp-content\/uploads\/2024\/07\/WhatsApp-Image-2024-07-01-at-10.10.06-1-9x12.jpeg 9w\" sizes=\"(max-width: 1200px) 100vw, 1200px\" \/>\t\t\t\t\t\t\t\t\t\t\t\t\t\t\t<\/div>\n\t\t\t\t<\/div>\n\t\t<div class=\"elementor-element elementor-element-71df062 e-con-full e-flex e-con e-child\" data-id=\"71df062\" data-element_type=\"container\" data-e-type=\"container\">\n\t\t\t\t<div class=\"elementor-element elementor-element-f04cd89 elementor-widget__width-initial elementor-widget elementor-widget-text-editor\" data-id=\"f04cd89\" data-element_type=\"widget\" data-e-type=\"widget\" data-widget_type=\"text-editor.default\">\n\t\t\t\t<div class=\"elementor-widget-container\">\n\t\t\t\t\t\t\t\t\t<p>Hallo, ich bin Roc\u00edo, eine leidenschaftliche Reisende, die mit Menschen zusammen sein mag sowie neue Kulturen kennenlernen. Im Alter von 18 Jahren bin ich aus der Dominikanischen Republik, dem Land, aus dem ich stamme, nach Deutschland gereist, um die Kultur dieses Landes kennenzulernen und die Sprache zu lernen.<\/p><p>Nachdem ich einige Jahre in Deutschland gearbeitet und studiert hatte, zog ich nach Bilbao, wo ich seit fast 20 Jahren lebe. Von Bilbao aus reiste ich weiter in verschiedene Teile der Welt, aber immer von Einheimischen gef\u00fchrt, um die besuchten Orte wirklich kennenzulernen. L\u00e4nder wie Iran, Indonesien, Mexiko, \u00c4gypten, T\u00fcrkei, Kuba und derzeit Spanien, insbesondere die n\u00f6rdliche Region, sind ein Beweis f\u00fcr meine Leidenschaft, andere Kulturen kennenzulernen.<\/p><p>Meine Erfahrungen, die ich auf verschiedenen Reisen gesammelt habe, sowie meine Kenntnisse im Tourismus, insbesondere im Bereich Kundenservice, haben mich motiviert, dieses Projekt zu gr\u00fcnden<\/p><p><strong>RL TheLocalPlanner,<\/strong> RL TheLocalPlanner, wo ich authentische und pers\u00f6nliche Erlebnisse anbiete. Als Reiseleiter zeige ich Ihnen auch die emblematischen Orte und enth\u00fclle die bestgeh\u00fcteten Geheimnisse der Stadt. Unsere Routen konzentrieren sich auf nachhaltigen Tourismus, das hei\u00dft, auf Respekt und Sorgfalt f\u00fcr die Umwelt und die lokale Kultur. Wir verf\u00fcgen \u00fcber die notwendige Ausbildung, um Reiseleiter und Informationsanbieter zu sein. Wir lieben es zu reisen und eines unserer gr\u00f6\u00dften Interessen ist es, die Kultur der besuchten Orte durch den Kontakt mit den Menschen kennenzulernen und zu f\u00f6rdern.<\/p><p>Alle Aktivit\u00e4ten sind auf das gleiche Ziel ausgerichtet: \"Ein kulturelles Abenteuer genie\u00dfen\", sei es \"auf Reisen oder beim Erlernen von Sprachen, immer auf ein nachhaltiges Umfeld und Qualit\u00e4tstourismus, nicht Quantit\u00e4t, setzen.\"\u00a0\u00a0<\/p>\t\t\t\t\t\t\t\t<\/div>\n\t\t\t\t<\/div>\n\t\t\t\t<\/div>\n\t\t\t\t\t<\/div>\n\t\t\t\t<\/div>\n\t\t\t\t<\/div>","protected":false},"excerpt":{"rendered":"<p>\u00a1CON\u00d3CEME UN POCO! Hola soy Roc\u00edo, una apasionada de los viajes, me gusta estar con gente y conocer nuevas culturas. A los 18 a\u00f1os viaj\u00e9 desde Rep\u00fablica Dominicana, pa\u00eds del que soy procedente, a Alemania con el objetivo de conocer la cultura y aprender el idioma de este pa\u00eds. Tras pasar varios a\u00f1os en Alemania [&hellip;]<\/p>\n","protected":false},"author":1,"featured_media":0,"parent":0,"menu_order":0,"comment_status":"closed","ping_status":"closed","template":"elementor_canvas","meta":{"footnotes":""},"class_list":["post-7","page","type-page","status-publish","hentry"],"yoast_head":"<!-- This site is optimized with the Yoast SEO plugin v27.4 - https:\/\/yoast.com\/product\/yoast-seo-wordpress\/ -->\n<title>SOBRE NOSOTROS - RL The Local Planner<\/title>\n<meta name=\"robots\" content=\"index, follow, max-snippet:-1, max-image-preview:large, max-video-preview:-1\" \/>\n<link rel=\"canonical\" href=\"https:\/\/rlthelocalplanner.com\/de\/sobre-nosotros\/\" \/>\n<meta property=\"og:locale\" content=\"de_DE\" \/>\n<meta property=\"og:type\" content=\"article\" \/>\n<meta property=\"og:title\" content=\"SOBRE NOSOTROS - RL The Local Planner\" \/>\n<meta property=\"og:description\" content=\"\u00a1CON\u00d3CEME UN POCO! Hola soy Roc\u00edo, una apasionada de los viajes, me gusta estar con gente y conocer nuevas culturas. A los 18 a\u00f1os viaj\u00e9 desde Rep\u00fablica Dominicana, pa\u00eds del que soy procedente, a Alemania con el objetivo de conocer la cultura y aprender el idioma de este pa\u00eds. Tras pasar varios a\u00f1os en Alemania [&hellip;]\" \/>\n<meta property=\"og:url\" content=\"https:\/\/rlthelocalplanner.com\/de\/sobre-nosotros\/\" \/>\n<meta property=\"og:site_name\" content=\"RL The Local Planner\" \/>\n<meta property=\"article:modified_time\" content=\"2026-03-06T21:36:12+00:00\" \/>\n<meta property=\"og:image\" content=\"https:\/\/rlthelocalplanner.com\/wp-content\/uploads\/2024\/07\/WhatsApp-Image-2024-07-01-at-10.10.06-1.jpeg\" \/>\n\t<meta property=\"og:image:width\" content=\"1200\" \/>\n\t<meta property=\"og:image:height\" content=\"1600\" \/>\n\t<meta property=\"og:image:type\" content=\"image\/jpeg\" \/>\n<meta name=\"twitter:card\" content=\"summary_large_image\" \/>\n<meta name=\"twitter:label1\" content=\"Gesch\u00e4tzte Lesezeit\" \/>\n\t<meta name=\"twitter:data1\" content=\"2\u00a0Minuten\" \/>\n<script type=\"application\/ld+json\" class=\"yoast-schema-graph\">{\"@context\":\"https:\\\/\\\/schema.org\",\"@graph\":[{\"@type\":\"WebPage\",\"@id\":\"https:\\\/\\\/rlthelocalplanner.com\\\/sobre-nosotros\\\/\",\"url\":\"https:\\\/\\\/rlthelocalplanner.com\\\/sobre-nosotros\\\/\",\"name\":\"SOBRE NOSOTROS - RL The Local Planner\",\"isPartOf\":{\"@id\":\"https:\\\/\\\/rlthelocalplanner.com\\\/#website\"},\"primaryImageOfPage\":{\"@id\":\"https:\\\/\\\/rlthelocalplanner.com\\\/sobre-nosotros\\\/#primaryimage\"},\"image\":{\"@id\":\"https:\\\/\\\/rlthelocalplanner.com\\\/sobre-nosotros\\\/#primaryimage\"},\"thumbnailUrl\":\"https:\\\/\\\/rlthelocalplanner.com\\\/wp-content\\\/uploads\\\/2024\\\/07\\\/WhatsApp-Image-2024-07-01-at-10.10.06-1.jpeg\",\"datePublished\":\"2024-06-17T14:50:31+00:00\",\"dateModified\":\"2026-03-06T21:36:12+00:00\",\"breadcrumb\":{\"@id\":\"https:\\\/\\\/rlthelocalplanner.com\\\/sobre-nosotros\\\/#breadcrumb\"},\"inLanguage\":\"de\",\"potentialAction\":[{\"@type\":\"ReadAction\",\"target\":[\"https:\\\/\\\/rlthelocalplanner.com\\\/sobre-nosotros\\\/\"]}]},{\"@type\":\"ImageObject\",\"inLanguage\":\"de\",\"@id\":\"https:\\\/\\\/rlthelocalplanner.com\\\/sobre-nosotros\\\/#primaryimage\",\"url\":\"https:\\\/\\\/rlthelocalplanner.com\\\/wp-content\\\/uploads\\\/2024\\\/07\\\/WhatsApp-Image-2024-07-01-at-10.10.06-1.jpeg\",\"contentUrl\":\"https:\\\/\\\/rlthelocalplanner.com\\\/wp-content\\\/uploads\\\/2024\\\/07\\\/WhatsApp-Image-2024-07-01-at-10.10.06-1.jpeg\"},{\"@type\":\"BreadcrumbList\",\"@id\":\"https:\\\/\\\/rlthelocalplanner.com\\\/sobre-nosotros\\\/#breadcrumb\",\"itemListElement\":[{\"@type\":\"ListItem\",\"position\":1,\"name\":\"Portada\",\"item\":\"https:\\\/\\\/rlthelocalplanner.com\\\/\"},{\"@type\":\"ListItem\",\"position\":2,\"name\":\"SOBRE NOSOTROS\"}]},{\"@type\":\"WebSite\",\"@id\":\"https:\\\/\\\/rlthelocalplanner.com\\\/#website\",\"url\":\"https:\\\/\\\/rlthelocalplanner.com\\\/\",\"name\":\"RL The Local Planner\",\"description\":\"Rutas con un\\\/a gu\u00eda local. Visitas guiadas  por los diferentes lugares m\u00e1s emblem\u00e1ticos de Bilbao y\\\/o sus alrededores. Dentro de las zonas a visitar est\u00e1n: Casco Viejo de Bilbao, la parte moderna de Bilbao o Bilbao_ Industrial,  Bilbao la Vieja y otras regiones de Bizkaia como: Getxo, Munguia, Sestao, Portugalete.\",\"publisher\":{\"@id\":\"https:\\\/\\\/rlthelocalplanner.com\\\/#organization\"},\"potentialAction\":[{\"@type\":\"SearchAction\",\"target\":{\"@type\":\"EntryPoint\",\"urlTemplate\":\"https:\\\/\\\/rlthelocalplanner.com\\\/?s={search_term_string}\"},\"query-input\":{\"@type\":\"PropertyValueSpecification\",\"valueRequired\":true,\"valueName\":\"search_term_string\"}}],\"inLanguage\":\"de\"},{\"@type\":\"Organization\",\"@id\":\"https:\\\/\\\/rlthelocalplanner.com\\\/#organization\",\"name\":\"RL The Local Planner\",\"url\":\"https:\\\/\\\/rlthelocalplanner.com\\\/\",\"logo\":{\"@type\":\"ImageObject\",\"inLanguage\":\"de\",\"@id\":\"https:\\\/\\\/rlthelocalplanner.com\\\/#\\\/schema\\\/logo\\\/image\\\/\",\"url\":\"https:\\\/\\\/rlthelocalplanner.com\\\/wp-content\\\/uploads\\\/2024\\\/06\\\/cropped-The-Local-Planner_Mesa-de-trabajo-1-1.png\",\"contentUrl\":\"https:\\\/\\\/rlthelocalplanner.com\\\/wp-content\\\/uploads\\\/2024\\\/06\\\/cropped-The-Local-Planner_Mesa-de-trabajo-1-1.png\",\"width\":900,\"height\":1080,\"caption\":\"RL The Local Planner\"},\"image\":{\"@id\":\"https:\\\/\\\/rlthelocalplanner.com\\\/#\\\/schema\\\/logo\\\/image\\\/\"}}]}<\/script>\n<!-- \/ Yoast SEO plugin. -->","yoast_head_json":{"title":"SOBRE NOSOTROS - RL The Local Planner","robots":{"index":"index","follow":"follow","max-snippet":"max-snippet:-1","max-image-preview":"max-image-preview:large","max-video-preview":"max-video-preview:-1"},"canonical":"https:\/\/rlthelocalplanner.com\/de\/sobre-nosotros\/","og_locale":"de_DE","og_type":"article","og_title":"SOBRE NOSOTROS - RL The Local Planner","og_description":"\u00a1CON\u00d3CEME UN POCO! Hola soy Roc\u00edo, una apasionada de los viajes, me gusta estar con gente y conocer nuevas culturas. A los 18 a\u00f1os viaj\u00e9 desde Rep\u00fablica Dominicana, pa\u00eds del que soy procedente, a Alemania con el objetivo de conocer la cultura y aprender el idioma de este pa\u00eds. Tras pasar varios a\u00f1os en Alemania [&hellip;]","og_url":"https:\/\/rlthelocalplanner.com\/de\/sobre-nosotros\/","og_site_name":"RL The Local Planner","article_modified_time":"2026-03-06T21:36:12+00:00","og_image":[{"width":1200,"height":1600,"url":"https:\/\/rlthelocalplanner.com\/wp-content\/uploads\/2024\/07\/WhatsApp-Image-2024-07-01-at-10.10.06-1.jpeg","type":"image\/jpeg"}],"twitter_card":"summary_large_image","twitter_misc":{"Gesch\u00e4tzte Lesezeit":"2\u00a0Minuten"},"schema":{"@context":"https:\/\/schema.org","@graph":[{"@type":"WebPage","@id":"https:\/\/rlthelocalplanner.com\/sobre-nosotros\/","url":"https:\/\/rlthelocalplanner.com\/sobre-nosotros\/","name":"SOBRE NOSOTROS - RL The Local Planner","isPartOf":{"@id":"https:\/\/rlthelocalplanner.com\/#website"},"primaryImageOfPage":{"@id":"https:\/\/rlthelocalplanner.com\/sobre-nosotros\/#primaryimage"},"image":{"@id":"https:\/\/rlthelocalplanner.com\/sobre-nosotros\/#primaryimage"},"thumbnailUrl":"https:\/\/rlthelocalplanner.com\/wp-content\/uploads\/2024\/07\/WhatsApp-Image-2024-07-01-at-10.10.06-1.jpeg","datePublished":"2024-06-17T14:50:31+00:00","dateModified":"2026-03-06T21:36:12+00:00","breadcrumb":{"@id":"https:\/\/rlthelocalplanner.com\/sobre-nosotros\/#breadcrumb"},"inLanguage":"de","potentialAction":[{"@type":"ReadAction","target":["https:\/\/rlthelocalplanner.com\/sobre-nosotros\/"]}]},{"@type":"ImageObject","inLanguage":"de","@id":"https:\/\/rlthelocalplanner.com\/sobre-nosotros\/#primaryimage","url":"https:\/\/rlthelocalplanner.com\/wp-content\/uploads\/2024\/07\/WhatsApp-Image-2024-07-01-at-10.10.06-1.jpeg","contentUrl":"https:\/\/rlthelocalplanner.com\/wp-content\/uploads\/2024\/07\/WhatsApp-Image-2024-07-01-at-10.10.06-1.jpeg"},{"@type":"BreadcrumbList","@id":"https:\/\/rlthelocalplanner.com\/sobre-nosotros\/#breadcrumb","itemListElement":[{"@type":"ListItem","position":1,"name":"Portada","item":"https:\/\/rlthelocalplanner.com\/"},{"@type":"ListItem","position":2,"name":"SOBRE NOSOTROS"}]},{"@type":"WebSite","@id":"https:\/\/rlthelocalplanner.com\/#website","url":"https:\/\/rlthelocalplanner.com\/","name":"RL The Local Planner","description":"Rutas con un\/a gu\u00eda local. Visitas guiadas  por los diferentes lugares m\u00e1s emblem\u00e1ticos de Bilbao y\/o sus alrededores. Dentro de las zonas a visitar est\u00e1n: Casco Viejo de Bilbao, la parte moderna de Bilbao o Bilbao_ Industrial,  Bilbao la Vieja y otras regiones de Bizkaia como: Getxo, Munguia, Sestao, Portugalete.","publisher":{"@id":"https:\/\/rlthelocalplanner.com\/#organization"},"potentialAction":[{"@type":"SearchAction","target":{"@type":"EntryPoint","urlTemplate":"https:\/\/rlthelocalplanner.com\/?s={search_term_string}"},"query-input":{"@type":"PropertyValueSpecification","valueRequired":true,"valueName":"search_term_string"}}],"inLanguage":"de"},{"@type":"Organization","@id":"https:\/\/rlthelocalplanner.com\/#organization","name":"RL The Local Planner","url":"https:\/\/rlthelocalplanner.com\/","logo":{"@type":"ImageObject","inLanguage":"de","@id":"https:\/\/rlthelocalplanner.com\/#\/schema\/logo\/image\/","url":"https:\/\/rlthelocalplanner.com\/wp-content\/uploads\/2024\/06\/cropped-The-Local-Planner_Mesa-de-trabajo-1-1.png","contentUrl":"https:\/\/rlthelocalplanner.com\/wp-content\/uploads\/2024\/06\/cropped-The-Local-Planner_Mesa-de-trabajo-1-1.png","width":900,"height":1080,"caption":"RL The Local Planner"},"image":{"@id":"https:\/\/rlthelocalplanner.com\/#\/schema\/logo\/image\/"}}]}},"_links":{"self":[{"href":"https:\/\/rlthelocalplanner.com\/de\/wp-json\/wp\/v2\/pages\/7","targetHints":{"allow":["GET"]}}],"collection":[{"href":"https:\/\/rlthelocalplanner.com\/de\/wp-json\/wp\/v2\/pages"}],"about":[{"href":"https:\/\/rlthelocalplanner.com\/de\/wp-json\/wp\/v2\/types\/page"}],"author":[{"embeddable":true,"href":"https:\/\/rlthelocalplanner.com\/de\/wp-json\/wp\/v2\/users\/1"}],"replies":[{"embeddable":true,"href":"https:\/\/rlthelocalplanner.com\/de\/wp-json\/wp\/v2\/comments?post=7"}],"version-history":[{"count":227,"href":"https:\/\/rlthelocalplanner.com\/de\/wp-json\/wp\/v2\/pages\/7\/revisions"}],"predecessor-version":[{"id":2910,"href":"https:\/\/rlthelocalplanner.com\/de\/wp-json\/wp\/v2\/pages\/7\/revisions\/2910"}],"wp:attachment":[{"href":"https:\/\/rlthelocalplanner.com\/de\/wp-json\/wp\/v2\/media?parent=7"}],"curies":[{"name":"wp","href":"https:\/\/api.w.org\/{rel}","templated":true}]}}