{"id":175,"date":"2024-06-18T08:06:32","date_gmt":"2024-06-18T08:06:32","guid":{"rendered":"https:\/\/rlthelocalplanner.rkinformatika.online\/?page_id=175"},"modified":"2025-07-20T14:05:05","modified_gmt":"2025-07-20T14:05:05","slug":"blog","status":"publish","type":"page","link":"https:\/\/rlthelocalplanner.com\/en\/blog\/","title":{"rendered":"BLOG"},"content":{"rendered":"<div data-elementor-type=\"wp-page\" data-elementor-id=\"175\" class=\"elementor elementor-175\" data-elementor-post-type=\"page\">\n\t\t\t\t<div class=\"elementor-element elementor-element-577826f e-flex e-con-boxed elementor-invisible e-con e-parent\" data-id=\"577826f\" data-element_type=\"container\" data-e-type=\"container\" data-settings=\"{&quot;background_background&quot;:&quot;classic&quot;,&quot;animation&quot;:&quot;fadeIn&quot;}\">\n\t\t\t\t\t<div class=\"e-con-inner\">\n\t\t\t\t<div class=\"elementor-element elementor-element-b9e4f4c elementor-widget__width-initial elementor-widget-tablet__width-initial elementor-widget-mobile__width-initial elementor-invisible elementor-widget elementor-widget-heading\" data-id=\"b9e4f4c\" data-element_type=\"widget\" data-e-type=\"widget\" data-settings=\"{&quot;_animation&quot;:&quot;fadeInUp&quot;}\" data-widget_type=\"heading.default\">\n\t\t\t\t<div class=\"elementor-widget-container\">\n\t\t\t\t\t<h1 class=\"elementor-heading-title elementor-size-default\">What can you find on our blog?<\/h1>\t\t\t\t<\/div>\n\t\t\t\t<\/div>\n\t\t\t\t<div class=\"elementor-element elementor-element-039b43a elementor-mobile-align-center elementor-align-left elementor-widget__width-initial elementor-widget-mobile__width-inherit elementor-invisible elementor-widget elementor-widget-button\" data-id=\"039b43a\" data-element_type=\"widget\" data-e-type=\"widget\" data-settings=\"{&quot;_animation&quot;:&quot;fadeInRight&quot;}\" data-widget_type=\"button.default\">\n\t\t\t\t<div class=\"elementor-widget-container\">\n\t\t\t\t\t\t\t\t\t<div class=\"elementor-button-wrapper\">\n\t\t\t\t\t<a class=\"elementor-button elementor-button-link elementor-size-sm\" href=\"https:\/\/sites.google.com\/view\/rl-the-local-planner\/\" target=\"_blank\">\n\t\t\t\t\t\t<span class=\"elementor-button-content-wrapper\">\n\t\t\t\t\t\t<span class=\"elementor-button-icon\">\n\t\t\t\t<svg aria-hidden=\"true\" class=\"e-font-icon-svg e-fas-arrow-right\" viewbox=\"0 0 448 512\" xmlns=\"http:\/\/www.w3.org\/2000\/svg\"><path d=\"M190.5 66.9l22.2-22.2c9.4-9.4 24.6-9.4 33.9 0L441 239c9.4 9.4 9.4 24.6 0 33.9L246.6 467.3c-9.4 9.4-24.6 9.4-33.9 0l-22.2-22.2c-9.5-9.5-9.3-25 .4-34.3L311.4 296H24c-13.3 0-24-10.7-24-24v-32c0-13.3 10.7-24 24-24h287.4L190.9 101.2c-9.8-9.3-10-24.8-.4-34.3z\"><\/path><\/svg>\t\t\t<\/span>\n\t\t\t\t\t\t\t\t\t<span class=\"elementor-button-text\">Visit our blog<\/span>\n\t\t\t\t\t<\/span>\n\t\t\t\t\t<\/a>\n\t\t\t\t<\/div>\n\t\t\t\t\t\t\t\t<\/div>\n\t\t\t\t<\/div>\n\t\t\t\t\t<\/div>\n\t\t\t\t<\/div>\n\t\t<div class=\"elementor-element elementor-element-1e9e285 e-con-full e-flex e-con e-parent\" data-id=\"1e9e285\" data-element_type=\"container\" data-e-type=\"container\" data-settings=\"{&quot;background_background&quot;:&quot;classic&quot;}\">\n\t\t<div class=\"elementor-element elementor-element-2ff249f e-con-full e-flex e-con e-child\" data-id=\"2ff249f\" data-element_type=\"container\" data-e-type=\"container\">\n\t\t\t\t<div class=\"elementor-element elementor-element-31425f6 elementor-widget elementor-widget-elementskit-blog-posts\" data-id=\"31425f6\" data-element_type=\"widget\" data-e-type=\"widget\" data-widget_type=\"elementskit-blog-posts.default\">\n\t\t\t\t<div class=\"elementor-widget-container\">\n\t\t\t\t\t<div class=\"ekit-wid-con\" >        <div id=\"post-items--31425f6\" class=\"row post-items\">\n                    <div class=\"col-lg-4 col-md-6\">\n\n                                    <div class=\"elementskit-post-image-card\">\n                        <div class=\"elementskit-entry-header\">\n                            \n                            \n\t\t\t\t\t\t\t\t\t\t\t\t\t<\/div><!-- .elementskit-entry-header END -->\n\n\t\t\t\t\t\t<div class=\"elementskit-post-body\">\n\t\t\t\t\t\t\t\n\t\t\t\t\t\t\t\t\t\t\t\t\t\t\t\t\t\t\t\t\t\t\t\t\t\t\t\t\t\t\n\t\t\t\t\t\t\t\t\n\t\t\t\t\t\t\t\t\t\t\t\t\t\t\t\t\t\t\t\t\t<h2 class=\"entry-title\">\n\t\t\t\t\t<a href=\"https:\/\/rlthelocalplanner.com\/en\/recomendacion\/\">\n\t\t\t\t\t\tRecomendations\t\t\t\t\t<\/a>\n\t\t\t\t<\/h2>\n\t\t\t\t\t\t\t\t\t\t\t\t\t\t\t\t\t\t\t\t\t\t\t\t\t\t\t\t\t\t\t\t\t\t\t\t\t\t\t\t\t\t<p>Recomendaci\u00f3n \u00bfSab\u00edas que&#8230; la gastronom\u00eda vasca es muy amplia y variada? La comida, sobre todo los pintxos (tapas al estilo&hellip;<\/p>\n\t\t\t\t\t\t\t\t\t\t\t\t\t\t\t\t\t\t\t\t\t\t                                                            <div class=\"btn-wraper\">\n                                    \n                                                                            <a class=\"elementskit-btn whitespace--normal\" id=\"\" href=\"https:\/\/rlthelocalplanner.com\/en\/recomendacion\/\">\n                                        \t                                            Find out more                                         <\/a>\n                                                                    <\/div>\n                                                    <\/div><!-- .elementskit-post-body END -->\n                    <\/div>\n                \n            <\/div>\n                    <div class=\"col-lg-4 col-md-6\">\n\n                                    <div class=\"elementskit-post-image-card\">\n                        <div class=\"elementskit-entry-header\">\n                            \n                            \n\t\t\t\t\t\t\t\t\t\t\t\t\t<\/div><!-- .elementskit-entry-header END -->\n\n\t\t\t\t\t\t<div class=\"elementskit-post-body\">\n\t\t\t\t\t\t\t\n\t\t\t\t\t\t\t\t\t\t\t\t\t\t\t\t\t\t\t\t\t\t\t\t\t\t\t\t\t\t\n\t\t\t\t\t\t\t\t\n\t\t\t\t\t\t\t\t\t\t\t\t\t\t\t\t\t\t\t\t\t<h2 class=\"entry-title\">\n\t\t\t\t\t<a href=\"https:\/\/rlthelocalplanner.com\/en\/que-debes-saber\/\">\n\t\t\t\t\t\tWhat you should know:\t\t\t\t\t<\/a>\n\t\t\t\t<\/h2>\n\t\t\t\t\t\t\t\t\t\t\t\t\t\t\t\t\t\t\t\t\t\t\t\t\t\t\t\t\t\t\t\t\t\t\t\t\t\t\t\t\t\t<p>Weather:\nBilbao has a humid oceanic climate with mild temperatures throughout the year. But to be honest, Bilbao's weather is very, very changeable!<\/p>\n\t\t\t\t\t\t\t\t\t\t\t\t\t\t\t\t\t\t\t\t\t\t                                                            <div class=\"btn-wraper\">\n                                    \n                                                                            <a class=\"elementskit-btn whitespace--normal\" id=\"\" href=\"https:\/\/rlthelocalplanner.com\/en\/que-debes-saber\/\">\n                                        \t                                            Find out more                                         <\/a>\n                                                                    <\/div>\n                                                    <\/div><!-- .elementskit-post-body END -->\n                    <\/div>\n                \n            <\/div>\n                    <div class=\"col-lg-4 col-md-6\">\n\n                                    <div class=\"elementskit-post-image-card\">\n                        <div class=\"elementskit-entry-header\">\n                            \n                            \n\t\t\t\t\t\t\t\t\t\t\t\t\t<\/div><!-- .elementskit-entry-header END -->\n\n\t\t\t\t\t\t<div class=\"elementskit-post-body\">\n\t\t\t\t\t\t\t\n\t\t\t\t\t\t\t\t\t\t\t\t\t\t\t\t\t\t\t\t\t\t\t\t\t\t\t\t\t\t\n\t\t\t\t\t\t\t\t\n\t\t\t\t\t\t\t\t\t\t\t\t\t\t\t\t\t\t\t\t\t<h2 class=\"entry-title\">\n\t\t\t\t\t<a href=\"https:\/\/rlthelocalplanner.com\/en\/como-moverse-por-la-ciudad\/\">\n\t\t\t\t\t\tGetting around the city\t\t\t\t\t<\/a>\n\t\t\t\t<\/h2>\n\t\t\t\t\t\t\t\t\t\t\t\t\t\t\t\t\t\t\t\t\t\t\t\t\t\t\t\t\t\t\t\t\t\t\t\t\t\t\t\t\t\t<p>On foot: Bilbao's city center is small and very easy to explore on foot. If you plan your stay well...\"<\/p>\n\t\t\t\t\t\t\t\t\t\t\t\t\t\t\t\t\t\t\t\t\t\t                                                            <div class=\"btn-wraper\">\n                                    \n                                                                            <a class=\"elementskit-btn whitespace--normal\" id=\"\" href=\"https:\/\/rlthelocalplanner.com\/en\/como-moverse-por-la-ciudad\/\">\n                                        \t                                            Find out more                                         <\/a>\n                                                                    <\/div>\n                                                    <\/div><!-- .elementskit-post-body END -->\n                    <\/div>\n                \n            <\/div>\n                <\/div>\n       <\/div>\t\t\t\t<\/div>\n\t\t\t\t<\/div>\n\t\t\t\t<\/div>\n\t\t\t\t<\/div>\n\t\t\t\t<\/div>","protected":false},"excerpt":{"rendered":"<p>\u00bfQU\u00c9 ENCONTRAR EN NUESTRO BLOG? Visita Nuestro Blog Recomendaci\u00f3n Recomendaci\u00f3n \u00a0 \u00a0 Sab\u00edas que ..la gastronom\u00eda vasca es muy amplia y variada? La comida, sobre todo los Pintxos (tapas&hellip; Saber m\u00e1s \u00bfQu\u00e9 debes saber? \u00bfQu\u00e9 debes saber? Clima:\u00a0El clima de Bilbao es de tipo oce\u00e1nico h\u00famedo con temperaturas suaves a lo largo de todo&hellip; Saber [&hellip;]<\/p>\n","protected":false},"author":1,"featured_media":0,"parent":0,"menu_order":0,"comment_status":"closed","ping_status":"closed","template":"elementor_canvas","meta":{"footnotes":""},"class_list":["post-175","page","type-page","status-publish","hentry"],"yoast_head":"<!-- This site is optimized with the Yoast SEO plugin v27.4 - https:\/\/yoast.com\/product\/yoast-seo-wordpress\/ -->\n<title>BLOG - RL The Local Planner<\/title>\n<meta name=\"robots\" content=\"index, follow, max-snippet:-1, max-image-preview:large, max-video-preview:-1\" \/>\n<link rel=\"canonical\" href=\"https:\/\/rlthelocalplanner.com\/en\/blog\/\" \/>\n<meta property=\"og:locale\" content=\"en_US\" \/>\n<meta property=\"og:type\" content=\"article\" \/>\n<meta property=\"og:title\" content=\"BLOG - RL The Local Planner\" \/>\n<meta property=\"og:description\" content=\"\u00bfQU\u00c9 ENCONTRAR EN NUESTRO BLOG? Visita Nuestro Blog Recomendaci\u00f3n Recomendaci\u00f3n \u00a0 \u00a0 Sab\u00edas que ..la gastronom\u00eda vasca es muy amplia y variada? La comida, sobre todo los Pintxos (tapas&hellip; Saber m\u00e1s \u00bfQu\u00e9 debes saber? \u00bfQu\u00e9 debes saber? Clima:\u00a0El clima de Bilbao es de tipo oce\u00e1nico h\u00famedo con temperaturas suaves a lo largo de todo&hellip; Saber [&hellip;]\" \/>\n<meta property=\"og:url\" content=\"https:\/\/rlthelocalplanner.com\/en\/blog\/\" \/>\n<meta property=\"og:site_name\" content=\"RL The Local Planner\" \/>\n<meta property=\"article:modified_time\" content=\"2025-07-20T14:05:05+00:00\" \/>\n<meta name=\"twitter:card\" content=\"summary_large_image\" \/>\n<meta name=\"twitter:label1\" content=\"Est. reading time\" \/>\n\t<meta name=\"twitter:data1\" content=\"1 minute\" \/>\n<script type=\"application\/ld+json\" class=\"yoast-schema-graph\">{\"@context\":\"https:\\\/\\\/schema.org\",\"@graph\":[{\"@type\":\"WebPage\",\"@id\":\"https:\\\/\\\/rlthelocalplanner.com\\\/blog\\\/\",\"url\":\"https:\\\/\\\/rlthelocalplanner.com\\\/blog\\\/\",\"name\":\"BLOG - RL The Local Planner\",\"isPartOf\":{\"@id\":\"https:\\\/\\\/rlthelocalplanner.com\\\/#website\"},\"datePublished\":\"2024-06-18T08:06:32+00:00\",\"dateModified\":\"2025-07-20T14:05:05+00:00\",\"breadcrumb\":{\"@id\":\"https:\\\/\\\/rlthelocalplanner.com\\\/blog\\\/#breadcrumb\"},\"inLanguage\":\"en-US\",\"potentialAction\":[{\"@type\":\"ReadAction\",\"target\":[\"https:\\\/\\\/rlthelocalplanner.com\\\/blog\\\/\"]}]},{\"@type\":\"BreadcrumbList\",\"@id\":\"https:\\\/\\\/rlthelocalplanner.com\\\/blog\\\/#breadcrumb\",\"itemListElement\":[{\"@type\":\"ListItem\",\"position\":1,\"name\":\"Portada\",\"item\":\"https:\\\/\\\/rlthelocalplanner.com\\\/\"},{\"@type\":\"ListItem\",\"position\":2,\"name\":\"BLOG\"}]},{\"@type\":\"WebSite\",\"@id\":\"https:\\\/\\\/rlthelocalplanner.com\\\/#website\",\"url\":\"https:\\\/\\\/rlthelocalplanner.com\\\/\",\"name\":\"RL The Local Planner\",\"description\":\"Rutas con un\\\/a gu\u00eda local. Visitas guiadas  por los diferentes lugares m\u00e1s emblem\u00e1ticos de Bilbao y\\\/o sus alrededores. Dentro de las zonas a visitar est\u00e1n: Casco Viejo de Bilbao, la parte moderna de Bilbao o Bilbao_ Industrial,  Bilbao la Vieja y otras regiones de Bizkaia como: Getxo, Munguia, Sestao, Portugalete.\",\"publisher\":{\"@id\":\"https:\\\/\\\/rlthelocalplanner.com\\\/#organization\"},\"potentialAction\":[{\"@type\":\"SearchAction\",\"target\":{\"@type\":\"EntryPoint\",\"urlTemplate\":\"https:\\\/\\\/rlthelocalplanner.com\\\/?s={search_term_string}\"},\"query-input\":{\"@type\":\"PropertyValueSpecification\",\"valueRequired\":true,\"valueName\":\"search_term_string\"}}],\"inLanguage\":\"en-US\"},{\"@type\":\"Organization\",\"@id\":\"https:\\\/\\\/rlthelocalplanner.com\\\/#organization\",\"name\":\"RL The Local Planner\",\"url\":\"https:\\\/\\\/rlthelocalplanner.com\\\/\",\"logo\":{\"@type\":\"ImageObject\",\"inLanguage\":\"en-US\",\"@id\":\"https:\\\/\\\/rlthelocalplanner.com\\\/#\\\/schema\\\/logo\\\/image\\\/\",\"url\":\"https:\\\/\\\/rlthelocalplanner.com\\\/wp-content\\\/uploads\\\/2024\\\/06\\\/cropped-The-Local-Planner_Mesa-de-trabajo-1-1.png\",\"contentUrl\":\"https:\\\/\\\/rlthelocalplanner.com\\\/wp-content\\\/uploads\\\/2024\\\/06\\\/cropped-The-Local-Planner_Mesa-de-trabajo-1-1.png\",\"width\":900,\"height\":1080,\"caption\":\"RL The Local Planner\"},\"image\":{\"@id\":\"https:\\\/\\\/rlthelocalplanner.com\\\/#\\\/schema\\\/logo\\\/image\\\/\"}}]}<\/script>\n<!-- \/ Yoast SEO plugin. -->","yoast_head_json":{"title":"BLOG - RL The Local Planner","robots":{"index":"index","follow":"follow","max-snippet":"max-snippet:-1","max-image-preview":"max-image-preview:large","max-video-preview":"max-video-preview:-1"},"canonical":"https:\/\/rlthelocalplanner.com\/en\/blog\/","og_locale":"en_US","og_type":"article","og_title":"BLOG - RL The Local Planner","og_description":"\u00bfQU\u00c9 ENCONTRAR EN NUESTRO BLOG? Visita Nuestro Blog Recomendaci\u00f3n Recomendaci\u00f3n \u00a0 \u00a0 Sab\u00edas que ..la gastronom\u00eda vasca es muy amplia y variada? La comida, sobre todo los Pintxos (tapas&hellip; Saber m\u00e1s \u00bfQu\u00e9 debes saber? \u00bfQu\u00e9 debes saber? Clima:\u00a0El clima de Bilbao es de tipo oce\u00e1nico h\u00famedo con temperaturas suaves a lo largo de todo&hellip; Saber [&hellip;]","og_url":"https:\/\/rlthelocalplanner.com\/en\/blog\/","og_site_name":"RL The Local Planner","article_modified_time":"2025-07-20T14:05:05+00:00","twitter_card":"summary_large_image","twitter_misc":{"Est. reading time":"1 minute"},"schema":{"@context":"https:\/\/schema.org","@graph":[{"@type":"WebPage","@id":"https:\/\/rlthelocalplanner.com\/blog\/","url":"https:\/\/rlthelocalplanner.com\/blog\/","name":"BLOG - RL The Local Planner","isPartOf":{"@id":"https:\/\/rlthelocalplanner.com\/#website"},"datePublished":"2024-06-18T08:06:32+00:00","dateModified":"2025-07-20T14:05:05+00:00","breadcrumb":{"@id":"https:\/\/rlthelocalplanner.com\/blog\/#breadcrumb"},"inLanguage":"en-US","potentialAction":[{"@type":"ReadAction","target":["https:\/\/rlthelocalplanner.com\/blog\/"]}]},{"@type":"BreadcrumbList","@id":"https:\/\/rlthelocalplanner.com\/blog\/#breadcrumb","itemListElement":[{"@type":"ListItem","position":1,"name":"Portada","item":"https:\/\/rlthelocalplanner.com\/"},{"@type":"ListItem","position":2,"name":"BLOG"}]},{"@type":"WebSite","@id":"https:\/\/rlthelocalplanner.com\/#website","url":"https:\/\/rlthelocalplanner.com\/","name":"RL The Local Planner","description":"Rutas con un\/a gu\u00eda local. Visitas guiadas  por los diferentes lugares m\u00e1s emblem\u00e1ticos de Bilbao y\/o sus alrededores. Dentro de las zonas a visitar est\u00e1n: Casco Viejo de Bilbao, la parte moderna de Bilbao o Bilbao_ Industrial,  Bilbao la Vieja y otras regiones de Bizkaia como: Getxo, Munguia, Sestao, Portugalete.","publisher":{"@id":"https:\/\/rlthelocalplanner.com\/#organization"},"potentialAction":[{"@type":"SearchAction","target":{"@type":"EntryPoint","urlTemplate":"https:\/\/rlthelocalplanner.com\/?s={search_term_string}"},"query-input":{"@type":"PropertyValueSpecification","valueRequired":true,"valueName":"search_term_string"}}],"inLanguage":"en-US"},{"@type":"Organization","@id":"https:\/\/rlthelocalplanner.com\/#organization","name":"RL The Local Planner","url":"https:\/\/rlthelocalplanner.com\/","logo":{"@type":"ImageObject","inLanguage":"en-US","@id":"https:\/\/rlthelocalplanner.com\/#\/schema\/logo\/image\/","url":"https:\/\/rlthelocalplanner.com\/wp-content\/uploads\/2024\/06\/cropped-The-Local-Planner_Mesa-de-trabajo-1-1.png","contentUrl":"https:\/\/rlthelocalplanner.com\/wp-content\/uploads\/2024\/06\/cropped-The-Local-Planner_Mesa-de-trabajo-1-1.png","width":900,"height":1080,"caption":"RL The Local Planner"},"image":{"@id":"https:\/\/rlthelocalplanner.com\/#\/schema\/logo\/image\/"}}]}},"_links":{"self":[{"href":"https:\/\/rlthelocalplanner.com\/en\/wp-json\/wp\/v2\/pages\/175","targetHints":{"allow":["GET"]}}],"collection":[{"href":"https:\/\/rlthelocalplanner.com\/en\/wp-json\/wp\/v2\/pages"}],"about":[{"href":"https:\/\/rlthelocalplanner.com\/en\/wp-json\/wp\/v2\/types\/page"}],"author":[{"embeddable":true,"href":"https:\/\/rlthelocalplanner.com\/en\/wp-json\/wp\/v2\/users\/1"}],"replies":[{"embeddable":true,"href":"https:\/\/rlthelocalplanner.com\/en\/wp-json\/wp\/v2\/comments?post=175"}],"version-history":[{"count":177,"href":"https:\/\/rlthelocalplanner.com\/en\/wp-json\/wp\/v2\/pages\/175\/revisions"}],"predecessor-version":[{"id":2652,"href":"https:\/\/rlthelocalplanner.com\/en\/wp-json\/wp\/v2\/pages\/175\/revisions\/2652"}],"wp:attachment":[{"href":"https:\/\/rlthelocalplanner.com\/en\/wp-json\/wp\/v2\/media?parent=175"}],"curies":[{"name":"wp","href":"https:\/\/api.w.org\/{rel}","templated":true}]}}